{"id":801,"date":"2017-02-16T11:05:21","date_gmt":"2017-02-16T11:05:21","guid":{"rendered":"https:\/\/altrans.pt\/novo\/about-us"},"modified":"2025-02-14T11:31:39","modified_gmt":"2025-02-14T11:31:39","slug":"about-us","status":"publish","type":"page","link":"https:\/\/altrans.pt\/en\/about-us","title":{"rendered":"About Us"},"content":{"rendered":"<p>[et_pb_section fb_built=&#8221;1&#8243; fullwidth=&#8221;on&#8221; _builder_version=&#8221;4.16&#8243; global_colors_info=&#8221;{}&#8221;][et_pb_fullwidth_header title=&#8221;ABOUT US&#8221; _builder_version=&#8221;4.16&#8243; _module_preset=&#8221;default&#8221; title_font=&#8221;|600|||||||&#8221; background_enable_color=&#8221;off&#8221; use_background_color_gradient=&#8221;on&#8221; background_color_gradient_direction=&#8221;220deg&#8221; background_color_gradient_stops=&#8221;rgba(0,141,47,0.64) 0%|rgba(0,65,54,0.62) 100%&#8221; background_color_gradient_overlays_image=&#8221;on&#8221; background_color_gradient_start=&#8221;rgba(0,141,47,0.64)&#8221; background_color_gradient_end=&#8221;rgba(0,65,54,0.62)&#8221; background_image=&#8221;https:\/\/altrans.pt\/novo\/wp-content\/uploads\/2024\/06\/ALTRANS23-6.jpg&#8221; locked=&#8221;off&#8221; global_colors_info=&#8221;{}&#8221;][\/et_pb_fullwidth_header][\/et_pb_section][et_pb_section fb_built=&#8221;1&#8243; _builder_version=&#8221;4.16&#8243; _module_preset=&#8221;default&#8221; custom_margin=&#8221;||-131px|||&#8221; global_colors_info=&#8221;{}&#8221;][et_pb_row column_structure=&#8221;1_2,1_2&#8243; _builder_version=&#8221;4.16&#8243; _module_preset=&#8221;default&#8221; global_colors_info=&#8221;{}&#8221;][et_pb_column type=&#8221;1_2&#8243; _builder_version=&#8221;4.16&#8243; _module_preset=&#8221;default&#8221; global_colors_info=&#8221;{}&#8221;][et_pb_text _builder_version=&#8221;4.16&#8243; _module_preset=&#8221;default&#8221; width=&#8221;125.5%&#8221; custom_margin=&#8221;30px|-156px|||false|false&#8221; custom_padding=&#8221;|10px||||&#8221; global_colors_info=&#8221;{}&#8221;]<\/p>\n<p style=\"text-align: justify;\">Altrans, founded in 1988, was established by father and son \u2013 Jos\u00e9 Il\u00eddio de Oliveira Ca\u00e7\u00e3o and Il\u00eddio Jos\u00e9 da Silva Ca\u00e7\u00e3o. Based in Silveirinha Grande \u2013 in the parish of Carri\u00e7o \u2013 the company specializes in the sale of construction materials and transportation of various types of goods.<\/p>\n<p style=\"text-align: justify;\">In 1993, the father transferred full ownership of the company to his son, Il\u00eddio Ca\u00e7\u00e3o. The following year, a new partner joined the company. Maria de F\u00e1tima Loureiro Leonel, who, as a partner and wife of the then principal shareholder, still plays a crucial role in Altrans&#8217; ongoing story.<\/p>\n<p style=\"text-align: justify;\">With over three decades of history, Altrans remains firmly rooted in the importance of relationships with its employees and customers. Many of these bonds have endured for decades, reflecting mutual dedication and trust that sustain our journey.<\/p>\n<p style=\"text-align: justify;\">We invest in the training of our employees and embrace the future and emerging innovations, both in terms of products offered for sale and the technologies we employ in our work.<\/p>\n<p style=\"text-align: justify;\">All products we sell are certified.<\/p>\n<p>&nbsp;<\/p>\n<p>[\/et_pb_text][\/et_pb_column][et_pb_column type=&#8221;1_2&#8243; _builder_version=&#8221;4.16&#8243; _module_preset=&#8221;default&#8221; global_colors_info=&#8221;{}&#8221;][et_pb_image src=&#8221;https:\/\/altrans.pt\/novo\/wp-content\/uploads\/2024\/06\/WhatsApp-Image-2024-06-26-at-10.40.13-1.jpeg&#8221; align=&#8221;center&#8221; _builder_version=&#8221;4.16&#8243; _module_preset=&#8221;default&#8221; width=&#8221;90%&#8221; custom_margin=&#8221;30px||||false|false&#8221; custom_padding=&#8221;|||90px|false|false&#8221; global_colors_info=&#8221;{}&#8221;][\/et_pb_image][\/et_pb_column][\/et_pb_row][\/et_pb_section][et_pb_section fb_built=&#8221;1&#8243; _builder_version=&#8221;4.16&#8243; _module_preset=&#8221;default&#8221; min_height=&#8221;185.2px&#8221; custom_margin=&#8221;0px|||||&#8221; custom_padding=&#8221;0px||0px|||&#8221; global_colors_info=&#8221;{}&#8221;][et_pb_row column_structure=&#8221;1_2,1_2&#8243; _builder_version=&#8221;4.16&#8243; _module_preset=&#8221;default&#8221; global_colors_info=&#8221;{}&#8221;][et_pb_column type=&#8221;1_2&#8243; _builder_version=&#8221;4.16&#8243; _module_preset=&#8221;default&#8221; global_colors_info=&#8221;{}&#8221;][et_pb_blurb title=&#8221;MISSION&#8221; use_icon=&#8221;on&#8221; font_icon=&#8221;&#xe038;||divi||400&#8243; icon_color=&#8221;#004136&#8243; icon_placement=&#8221;left&#8221; image_icon_width=&#8221;51px&#8221; _builder_version=&#8221;4.16&#8243; _module_preset=&#8221;default&#8221; header_level=&#8221;h2&#8243; header_font=&#8221;|700||on|||||&#8221; header_text_align=&#8221;left&#8221; header_text_color=&#8221;#004136&#8243; header_font_size=&#8221;40px&#8221; custom_margin=&#8221;40px|300px||0px|false|false&#8221; custom_padding=&#8221;|251px||||&#8221; animation=&#8221;off&#8221; border_width_right=&#8221;2px&#8221; icon_font_size=&#8221;51px&#8221; global_colors_info=&#8221;{}&#8221;][\/et_pb_blurb][\/et_pb_column][et_pb_column type=&#8221;1_2&#8243; _builder_version=&#8221;4.16&#8243; _module_preset=&#8221;default&#8221; global_colors_info=&#8221;{}&#8221;][et_pb_text _builder_version=&#8221;4.16&#8243; _module_preset=&#8221;default&#8221; custom_margin=&#8221;|||-293px||&#8221; custom_padding=&#8221;|||0px||&#8221; global_colors_info=&#8221;{}&#8221;]<\/p>\n<p>&nbsp;<\/p>\n<p><strong>The mission of Altrans is to ensure the quality of its services, both in the sale of construction materials and in transportation, always maintaining a focus on respect for the past and origins, as well as on creating a sustainable future.<\/strong><\/p>\n<p>[\/et_pb_text][\/et_pb_column][\/et_pb_row][\/et_pb_section][et_pb_section fb_built=&#8221;1&#8243; _builder_version=&#8221;4.16&#8243; _module_preset=&#8221;default&#8221; global_colors_info=&#8221;{}&#8221;][et_pb_row _builder_version=&#8221;4.16&#8243; _module_preset=&#8221;default&#8221; custom_margin=&#8221;-50px||||false|false&#8221; global_colors_info=&#8221;{}&#8221;][et_pb_column type=&#8221;4_4&#8243; _builder_version=&#8221;4.16&#8243; _module_preset=&#8221;default&#8221; global_colors_info=&#8221;{}&#8221;][et_pb_text _builder_version=&#8221;4.27.4&#8243; _module_preset=&#8221;default&#8221; hover_enabled=&#8221;0&#8243; global_colors_info=&#8221;{}&#8221; sticky_enabled=&#8221;0&#8243;]<\/p>\n<p>In 2016, 2017, 2019, 2020, 2021, 2022, and 2023, <span>we were distinguished with the PME Leader status, and in 2022, 2023 with the PME Excellence status. <\/span><\/p>\n<p><span><\/span><\/p>\n<p><span><\/span><\/p>\n<p><span><\/span><\/p>\n<p>[\/et_pb_text][\/et_pb_column][\/et_pb_row][et_pb_row _builder_version=&#8221;4.16&#8243; _module_preset=&#8221;default&#8221; custom_margin=&#8221;-50px||||false|false&#8221; global_colors_info=&#8221;{}&#8221;][et_pb_column type=&#8221;4_4&#8243; _builder_version=&#8221;4.16&#8243; _module_preset=&#8221;default&#8221; global_colors_info=&#8221;{}&#8221;][et_pb_image src=&#8221;https:\/\/altrans.pt\/novo\/wp-content\/uploads\/2025\/02\/banner_pme.png&#8221; align=&#8221;center&#8221; _builder_version=&#8221;4.27.4&#8243; _module_preset=&#8221;default&#8221; width=&#8221;60%&#8221; hover_enabled=&#8221;0&#8243; global_colors_info=&#8221;{}&#8221; title_text=&#8221;banner_pme&#8221; sticky_enabled=&#8221;0&#8243;][\/et_pb_image][\/et_pb_column][\/et_pb_row][\/et_pb_section]<\/p>\n","protected":false},"excerpt":{"rendered":"<p>Altrans, founded in 1988, was established by father and son \u2013 Jos\u00e9 Il\u00eddio de Oliveira Ca\u00e7\u00e3o and Il\u00eddio Jos\u00e9 da Silva Ca\u00e7\u00e3o. Based in Silveirinha Grande \u2013 in the parish of Carri\u00e7o \u2013 the company specializes in the sale of construction materials and transportation of various types of goods. In 1993, the father transferred full [&hellip;]<\/p>\n","protected":false},"author":1,"featured_media":0,"parent":0,"menu_order":0,"comment_status":"closed","ping_status":"closed","template":"","meta":{"_et_pb_use_builder":"on","_et_pb_old_content":"","_et_gb_content_width":"","footnotes":""},"class_list":["post-801","page","type-page","status-publish","hentry"],"_links":{"self":[{"href":"https:\/\/altrans.pt\/en\/wp-json\/wp\/v2\/pages\/801","targetHints":{"allow":["GET"]}}],"collection":[{"href":"https:\/\/altrans.pt\/en\/wp-json\/wp\/v2\/pages"}],"about":[{"href":"https:\/\/altrans.pt\/en\/wp-json\/wp\/v2\/types\/page"}],"author":[{"embeddable":true,"href":"https:\/\/altrans.pt\/en\/wp-json\/wp\/v2\/users\/1"}],"replies":[{"embeddable":true,"href":"https:\/\/altrans.pt\/en\/wp-json\/wp\/v2\/comments?post=801"}],"version-history":[{"count":3,"href":"https:\/\/altrans.pt\/en\/wp-json\/wp\/v2\/pages\/801\/revisions"}],"predecessor-version":[{"id":849,"href":"https:\/\/altrans.pt\/en\/wp-json\/wp\/v2\/pages\/801\/revisions\/849"}],"wp:attachment":[{"href":"https:\/\/altrans.pt\/en\/wp-json\/wp\/v2\/media?parent=801"}],"curies":[{"name":"wp","href":"https:\/\/api.w.org\/{rel}","templated":true}]}}